{"id":65930,"date":"2025-12-01T09:23:04","date_gmt":"2025-12-01T08:23:04","guid":{"rendered":"https:\/\/www.institucioibars.com\/?post_type=product&#038;p=65930"},"modified":"2025-12-01T09:23:04","modified_gmt":"2025-12-01T08:23:04","slug":"servicio-family-externa","status":"publish","type":"product","link":"https:\/\/www.institucioibars.com\/ca\/producto\/servicio-family-externa\/","title":{"rendered":"Servicio Family- Externa"},"content":{"rendered":"<p>\u00danicamente ha de abonar la cuota inicial de selecci\u00f3n bien por tarjeta o por transferencia, en 24 horas m\u00e1ximo (un d\u00eda h\u00e1bil) nuestro equipo de selecci\u00f3n se pondr\u00e1 en contacto con usted para realizar la valoraci\u00f3n e inicial el proceso de selecci\u00f3n.<\/p>\n<p><iframe id=\"zShareTpcCheck\" style=\"display: none;\" src=\"chrome-extension:\/\/ddafdejlekcmnafgnbllcfkebabhabcl\/html\/tpc.html\"><\/iframe><span id=\"zoho_button_ext\" style=\"display: none; position: absolute; z-index: 99999999; width: 80px; height: 31px; background-image: url('chrome-extension:\/\/ddafdejlekcmnafgnbllcfkebabhabcl\/images\/zshare.png'); background-size: 80px 31px; opacity: 0.9; cursor: pointer; top: 0px; left: 0px;\"><\/span><\/p>\n","protected":false},"excerpt":{"rendered":"<div>\n<p>Cuota inicial puesta en marcha.<\/p>\n<\/div>\n<p><iframe id=\"zShareTpcCheck\" style=\"display: none;\" src=\"chrome-extension:\/\/ddafdejlekcmnafgnbllcfkebabhabcl\/html\/tpc.html\"><\/iframe><span id=\"zoho_button_ext\" style=\"display: none; position: absolute; z-index: 99999999; width: 80px; height: 31px; background-image: url('chrome-extension:\/\/ddafdejlekcmnafgnbllcfkebabhabcl\/images\/zshare.png'); background-size: 80px 31px; opacity: 0.9; cursor: pointer; top: 0px; left: 0px;\"><\/span><\/p>\n","protected":false},"featured_media":61140,"comment_status":"open","ping_status":"closed","template":"","meta":{"site-sidebar-layout":"default","site-content-layout":"","ast-site-content-layout":"default","site-content-style":"default","site-sidebar-style":"default","ast-global-header-display":"","ast-banner-title-visibility":"","ast-main-header-display":"","ast-hfb-above-header-display":"","ast-hfb-below-header-display":"","ast-hfb-mobile-header-display":"","site-post-title":"","ast-breadcrumbs-content":"","ast-featured-img":"","footer-sml-layout":"","theme-transparent-header-meta":"default","adv-header-id-meta":"","stick-header-meta":"default","header-above-stick-meta":"","header-main-stick-meta":"","header-below-stick-meta":"","astra-migrate-meta-layouts":"set","ast-page-background-enabled":"default","ast-page-background-meta":{"desktop":{"background-color":"","background-image":"","background-repeat":"repeat","background-position":"center center","background-size":"auto","background-attachment":"scroll","background-type":"","background-media":"","overlay-type":"","overlay-color":"","overlay-opacity":"","overlay-gradient":""},"tablet":{"background-color":"","background-image":"","background-repeat":"repeat","background-position":"center center","background-size":"auto","background-attachment":"scroll","background-type":"","background-media":"","overlay-type":"","overlay-color":"","overlay-opacity":"","overlay-gradient":""},"mobile":{"background-color":"","background-image":"","background-repeat":"repeat","background-position":"center center","background-size":"auto","background-attachment":"scroll","background-type":"","background-media":"","overlay-type":"","overlay-color":"","overlay-opacity":"","overlay-gradient":""}},"ast-content-background-meta":{"desktop":{"background-color":"var(--ast-global-color-5)","background-image":"","background-repeat":"repeat","background-position":"center center","background-size":"auto","background-attachment":"scroll","background-type":"","background-media":"","overlay-type":"","overlay-color":"","overlay-opacity":"","overlay-gradient":""},"tablet":{"background-color":"var(--ast-global-color-5)","background-image":"","background-repeat":"repeat","background-position":"center center","background-size":"auto","background-attachment":"scroll","background-type":"","background-media":"","overlay-type":"","overlay-color":"","overlay-opacity":"","overlay-gradient":""},"mobile":{"background-color":"var(--ast-global-color-5)","background-image":"","background-repeat":"repeat","background-position":"center center","background-size":"auto","background-attachment":"scroll","background-type":"","background-media":"","overlay-type":"","overlay-color":"","overlay-opacity":"","overlay-gradient":""}},"_themeisle_gutenberg_block_has_review":false},"product_brand":[],"product_cat":[401],"product_tag":[],"class_list":{"0":"post-65930","1":"product","2":"type-product","3":"status-publish","4":"has-post-thumbnail","6":"product_cat-sin-categorizar","7":"desktop-align-left","8":"tablet-align-left","9":"mobile-align-left","10":"ast-product-gallery-layout-horizontal-slider","11":"ast-product-gallery-with-no-image","12":"ast-product-tabs-layout-accordion","14":"first","15":"instock","16":"virtual","17":"sold-individually","18":"taxable","19":"purchasable","20":"product-type-simple"},"yoast_head":"<!-- This site is optimized with the Yoast SEO plugin v23.7 - https:\/\/yoast.com\/wordpress\/plugins\/seo\/ -->\n<title>Servicio Family- Externa - Institucio Ibars<\/title>\n<meta name=\"robots\" content=\"index, follow, max-snippet:-1, max-image-preview:large, max-video-preview:-1\" \/>\n<link rel=\"canonical\" href=\"https:\/\/www.institucioibars.com\/ca\/producto\/servicio-family-externa\/\" \/>\n<meta property=\"og:locale\" content=\"ca_ES\" \/>\n<meta property=\"og:type\" content=\"article\" \/>\n<meta property=\"og:title\" content=\"Servicio Family- Externa - Institucio Ibars\" \/>\n<meta property=\"og:description\" content=\"Cuota inicial puesta en marcha.\" \/>\n<meta property=\"og:url\" content=\"https:\/\/www.institucioibars.com\/ca\/producto\/servicio-family-externa\/\" \/>\n<meta property=\"og:site_name\" content=\"Institucio Ibars\" \/>\n<meta property=\"article:publisher\" content=\"https:\/\/www.facebook.com\/InstitucioIbars\" \/>\n<meta property=\"og:image\" content=\"https:\/\/www.institucioibars.com\/wp-content\/uploads\/2024\/07\/biq1bnin-1.png\" \/>\n\t<meta property=\"og:image:width\" content=\"1024\" \/>\n\t<meta property=\"og:image:height\" content=\"1024\" \/>\n\t<meta property=\"og:image:type\" content=\"image\/png\" \/>\n<meta name=\"twitter:card\" content=\"summary_large_image\" \/>\n<meta name=\"twitter:label1\" content=\"Temps estimat de lectura\" \/>\n\t<meta name=\"twitter:data1\" content=\"1 minut\" \/>\n<script type=\"application\/ld+json\" class=\"yoast-schema-graph\">{\"@context\":\"https:\/\/schema.org\",\"@graph\":[{\"@type\":\"WebPage\",\"@id\":\"https:\/\/www.institucioibars.com\/ca\/producto\/servicio-family-externa\/\",\"url\":\"https:\/\/www.institucioibars.com\/ca\/producto\/servicio-family-externa\/\",\"name\":\"Servicio Family- Externa - Institucio Ibars\",\"isPartOf\":{\"@id\":\"https:\/\/www.institucioibars.com\/ca\/#website\"},\"primaryImageOfPage\":{\"@id\":\"https:\/\/www.institucioibars.com\/ca\/producto\/servicio-family-externa\/#primaryimage\"},\"image\":{\"@id\":\"https:\/\/www.institucioibars.com\/ca\/producto\/servicio-family-externa\/#primaryimage\"},\"thumbnailUrl\":\"https:\/\/www.institucioibars.com\/wp-content\/uploads\/2024\/07\/biq1bnin-1.png\",\"datePublished\":\"2025-12-01T08:23:04+00:00\",\"dateModified\":\"2025-12-01T08:23:04+00:00\",\"breadcrumb\":{\"@id\":\"https:\/\/www.institucioibars.com\/ca\/producto\/servicio-family-externa\/#breadcrumb\"},\"inLanguage\":\"ca\",\"potentialAction\":[{\"@type\":\"ReadAction\",\"target\":[\"https:\/\/www.institucioibars.com\/ca\/producto\/servicio-family-externa\/\"]}]},{\"@type\":\"ImageObject\",\"inLanguage\":\"ca\",\"@id\":\"https:\/\/www.institucioibars.com\/ca\/producto\/servicio-family-externa\/#primaryimage\",\"url\":\"https:\/\/www.institucioibars.com\/wp-content\/uploads\/2024\/07\/biq1bnin-1.png\",\"contentUrl\":\"https:\/\/www.institucioibars.com\/wp-content\/uploads\/2024\/07\/biq1bnin-1.png\",\"width\":1024,\"height\":1024},{\"@type\":\"BreadcrumbList\",\"@id\":\"https:\/\/www.institucioibars.com\/ca\/producto\/servicio-family-externa\/#breadcrumb\",\"itemListElement\":[{\"@type\":\"ListItem\",\"position\":1,\"name\":\"Portada\",\"item\":\"https:\/\/www.institucioibars.com\/ca\/\"},{\"@type\":\"ListItem\",\"position\":2,\"name\":\"Productes\",\"item\":\"https:\/\/www.institucioibars.com\/ca\/shop\/\"},{\"@type\":\"ListItem\",\"position\":3,\"name\":\"Servicio Family- Externa\"}]},{\"@type\":\"WebSite\",\"@id\":\"https:\/\/www.institucioibars.com\/ca\/#website\",\"url\":\"https:\/\/www.institucioibars.com\/ca\/\",\"name\":\"Institucio Ibars\",\"description\":\"Cuidado de personas mayores y ancianos a Domicilio\",\"publisher\":{\"@id\":\"https:\/\/www.institucioibars.com\/ca\/#organization\"},\"alternateName\":\"Ibars cuidado a mayores\",\"potentialAction\":[{\"@type\":\"SearchAction\",\"target\":{\"@type\":\"EntryPoint\",\"urlTemplate\":\"https:\/\/www.institucioibars.com\/ca\/?s={search_term_string}\"},\"query-input\":{\"@type\":\"PropertyValueSpecification\",\"valueRequired\":true,\"valueName\":\"search_term_string\"}}],\"inLanguage\":\"ca\"},{\"@type\":\"Organization\",\"@id\":\"https:\/\/www.institucioibars.com\/ca\/#organization\",\"name\":\"Instituci\u00f3 Ibars\",\"alternateName\":\"Associacio INSTITUCIO IBARS\",\"url\":\"https:\/\/www.institucioibars.com\/ca\/\",\"logo\":{\"@type\":\"ImageObject\",\"inLanguage\":\"ca\",\"@id\":\"https:\/\/www.institucioibars.com\/ca\/#\/schema\/logo\/image\/\",\"url\":\"https:\/\/www.institucioibars.com\/wp-content\/uploads\/2024\/02\/institucio-ibars-logo.png\",\"contentUrl\":\"https:\/\/www.institucioibars.com\/wp-content\/uploads\/2024\/02\/institucio-ibars-logo.png\",\"width\":250,\"height\":78,\"caption\":\"Instituci\u00f3 Ibars\"},\"image\":{\"@id\":\"https:\/\/www.institucioibars.com\/ca\/#\/schema\/logo\/image\/\"},\"sameAs\":[\"https:\/\/www.facebook.com\/InstitucioIbars\"]}]}<\/script>\n<!-- \/ Yoast SEO plugin. -->","yoast_head_json":{"title":"Servicio Family- Externa - Institucio Ibars","robots":{"index":"index","follow":"follow","max-snippet":"max-snippet:-1","max-image-preview":"max-image-preview:large","max-video-preview":"max-video-preview:-1"},"canonical":"https:\/\/www.institucioibars.com\/ca\/producto\/servicio-family-externa\/","og_locale":"ca_ES","og_type":"article","og_title":"Servicio Family- Externa - Institucio Ibars","og_description":"Cuota inicial puesta en marcha.","og_url":"https:\/\/www.institucioibars.com\/ca\/producto\/servicio-family-externa\/","og_site_name":"Institucio Ibars","article_publisher":"https:\/\/www.facebook.com\/InstitucioIbars","og_image":[{"width":1024,"height":1024,"url":"https:\/\/www.institucioibars.com\/wp-content\/uploads\/2024\/07\/biq1bnin-1.png","type":"image\/png"}],"twitter_card":"summary_large_image","twitter_misc":{"Temps estimat de lectura":"1 minut"},"schema":{"@context":"https:\/\/schema.org","@graph":[{"@type":"WebPage","@id":"https:\/\/www.institucioibars.com\/ca\/producto\/servicio-family-externa\/","url":"https:\/\/www.institucioibars.com\/ca\/producto\/servicio-family-externa\/","name":"Servicio Family- Externa - Institucio Ibars","isPartOf":{"@id":"https:\/\/www.institucioibars.com\/ca\/#website"},"primaryImageOfPage":{"@id":"https:\/\/www.institucioibars.com\/ca\/producto\/servicio-family-externa\/#primaryimage"},"image":{"@id":"https:\/\/www.institucioibars.com\/ca\/producto\/servicio-family-externa\/#primaryimage"},"thumbnailUrl":"https:\/\/www.institucioibars.com\/wp-content\/uploads\/2024\/07\/biq1bnin-1.png","datePublished":"2025-12-01T08:23:04+00:00","dateModified":"2025-12-01T08:23:04+00:00","breadcrumb":{"@id":"https:\/\/www.institucioibars.com\/ca\/producto\/servicio-family-externa\/#breadcrumb"},"inLanguage":"ca","potentialAction":[{"@type":"ReadAction","target":["https:\/\/www.institucioibars.com\/ca\/producto\/servicio-family-externa\/"]}]},{"@type":"ImageObject","inLanguage":"ca","@id":"https:\/\/www.institucioibars.com\/ca\/producto\/servicio-family-externa\/#primaryimage","url":"https:\/\/www.institucioibars.com\/wp-content\/uploads\/2024\/07\/biq1bnin-1.png","contentUrl":"https:\/\/www.institucioibars.com\/wp-content\/uploads\/2024\/07\/biq1bnin-1.png","width":1024,"height":1024},{"@type":"BreadcrumbList","@id":"https:\/\/www.institucioibars.com\/ca\/producto\/servicio-family-externa\/#breadcrumb","itemListElement":[{"@type":"ListItem","position":1,"name":"Portada","item":"https:\/\/www.institucioibars.com\/ca\/"},{"@type":"ListItem","position":2,"name":"Productes","item":"https:\/\/www.institucioibars.com\/ca\/shop\/"},{"@type":"ListItem","position":3,"name":"Servicio Family- Externa"}]},{"@type":"WebSite","@id":"https:\/\/www.institucioibars.com\/ca\/#website","url":"https:\/\/www.institucioibars.com\/ca\/","name":"Institucio Ibars","description":"Cuidado de personas mayores y ancianos a Domicilio","publisher":{"@id":"https:\/\/www.institucioibars.com\/ca\/#organization"},"alternateName":"Ibars cuidado a mayores","potentialAction":[{"@type":"SearchAction","target":{"@type":"EntryPoint","urlTemplate":"https:\/\/www.institucioibars.com\/ca\/?s={search_term_string}"},"query-input":{"@type":"PropertyValueSpecification","valueRequired":true,"valueName":"search_term_string"}}],"inLanguage":"ca"},{"@type":"Organization","@id":"https:\/\/www.institucioibars.com\/ca\/#organization","name":"Instituci\u00f3 Ibars","alternateName":"Associacio INSTITUCIO IBARS","url":"https:\/\/www.institucioibars.com\/ca\/","logo":{"@type":"ImageObject","inLanguage":"ca","@id":"https:\/\/www.institucioibars.com\/ca\/#\/schema\/logo\/image\/","url":"https:\/\/www.institucioibars.com\/wp-content\/uploads\/2024\/02\/institucio-ibars-logo.png","contentUrl":"https:\/\/www.institucioibars.com\/wp-content\/uploads\/2024\/02\/institucio-ibars-logo.png","width":250,"height":78,"caption":"Instituci\u00f3 Ibars"},"image":{"@id":"https:\/\/www.institucioibars.com\/ca\/#\/schema\/logo\/image\/"},"sameAs":["https:\/\/www.facebook.com\/InstitucioIbars"]}]}},"_links":{"self":[{"href":"https:\/\/www.institucioibars.com\/ca\/wp-json\/wp\/v2\/product\/65930","targetHints":{"allow":["GET"]}}],"collection":[{"href":"https:\/\/www.institucioibars.com\/ca\/wp-json\/wp\/v2\/product"}],"about":[{"href":"https:\/\/www.institucioibars.com\/ca\/wp-json\/wp\/v2\/types\/product"}],"replies":[{"embeddable":true,"href":"https:\/\/www.institucioibars.com\/ca\/wp-json\/wp\/v2\/comments?post=65930"}],"wp:featuredmedia":[{"embeddable":true,"href":"https:\/\/www.institucioibars.com\/ca\/wp-json\/wp\/v2\/media\/61140"}],"wp:attachment":[{"href":"https:\/\/www.institucioibars.com\/ca\/wp-json\/wp\/v2\/media?parent=65930"}],"wp:term":[{"taxonomy":"product_brand","embeddable":true,"href":"https:\/\/www.institucioibars.com\/ca\/wp-json\/wp\/v2\/product_brand?post=65930"},{"taxonomy":"product_cat","embeddable":true,"href":"https:\/\/www.institucioibars.com\/ca\/wp-json\/wp\/v2\/product_cat?post=65930"},{"taxonomy":"product_tag","embeddable":true,"href":"https:\/\/www.institucioibars.com\/ca\/wp-json\/wp\/v2\/product_tag?post=65930"}],"curies":[{"name":"wp","href":"https:\/\/api.w.org\/{rel}","templated":true}]}}