{"id":60363,"date":"2021-05-21T10:00:07","date_gmt":"2021-05-21T08:00:07","guid":{"rendered":"https:\/\/ibars.institucioibars.com\/contacte\/"},"modified":"2025-02-13T17:27:36","modified_gmt":"2025-02-13T16:27:36","slug":"contacte","status":"publish","type":"page","link":"https:\/\/www.institucioibars.com\/ca\/contacte\/","title":{"rendered":"Contacte"},"content":{"rendered":"\t\t<div data-elementor-type=\"wp-page\" data-elementor-id=\"60363\" class=\"elementor elementor-60363 elementor-325\">\n\t\t\t\t\t\t<section class=\"elementor-section elementor-top-section elementor-element elementor-element-6d81c97 elementor-section-height-min-height elementor-section-boxed elementor-section-height-default elementor-section-items-middle wpr-particle-no wpr-jarallax-no wpr-parallax-no wpr-sticky-section-no\" data-id=\"6d81c97\" data-element_type=\"section\" data-settings=\"{&quot;background_background&quot;:&quot;classic&quot;}\">\n\t\t\t\t\t\t\t<div class=\"elementor-background-overlay\"><\/div>\n\t\t\t\t\t\t\t<div class=\"elementor-container elementor-column-gap-default\">\n\t\t\t\t\t<div class=\"elementor-column elementor-col-100 elementor-top-column elementor-element elementor-element-e931cb3\" data-id=\"e931cb3\" data-element_type=\"column\">\n\t\t\t<div class=\"elementor-widget-wrap elementor-element-populated\">\n\t\t\t\t\t\t<div class=\"elementor-element elementor-element-27c35ac elementor-widget elementor-widget-heading\" data-id=\"27c35ac\" data-element_type=\"widget\" data-widget_type=\"heading.default\">\n\t\t\t\t<div class=\"elementor-widget-container\">\n\t\t\t<h1 class=\"elementor-heading-title elementor-size-default\">CONTACTE<\/h1>\t\t<\/div>\n\t\t\t\t<\/div>\n\t\t\t\t\t<\/div>\n\t\t<\/div>\n\t\t\t\t\t<\/div>\n\t\t<\/section>\n\t\t\t\t<section class=\"elementor-section elementor-top-section elementor-element elementor-element-b693d5e elementor-section-content-bottom elementor-section-boxed elementor-section-height-default elementor-section-height-default wpr-particle-no wpr-jarallax-no wpr-parallax-no wpr-sticky-section-no\" data-id=\"b693d5e\" data-element_type=\"section\">\n\t\t\t\t\t\t<div class=\"elementor-container elementor-column-gap-no\">\n\t\t\t\t\t<div class=\"elementor-column elementor-col-50 elementor-top-column elementor-element elementor-element-0139529\" data-id=\"0139529\" data-element_type=\"column\">\n\t\t\t<div class=\"elementor-widget-wrap elementor-element-populated\">\n\t\t\t\t\t\t<div class=\"elementor-element elementor-element-a45f241 eael-wpforms-labels-yes eael-wpforms-form-button-custom elementor-widget elementor-widget-eael-wpforms\" data-id=\"a45f241\" data-element_type=\"widget\" data-widget_type=\"eael-wpforms.default\">\n\t\t\t\t<div class=\"elementor-widget-container\">\n\t\t\t            <div class=\"eael-contact-form eael-wpforms eael-contact-form-align-default\">\n                                <div class=\"wpforms-container \" id=\"wpforms-1377\"><form id=\"wpforms-form-1377\" class=\"wpforms-validate wpforms-form wpforms-ajax-form\" data-formid=\"1377\" method=\"post\" enctype=\"multipart\/form-data\" action=\"\/ca\/wp-json\/wp\/v2\/pages\/60363\" data-token=\"24fe52557ebc20ff13644825f9e02bb2\" data-token-time=\"1776847339\"><div class=\"wpforms-head-container\"><\/div><noscript class=\"wpforms-error-noscript\">Activeu el JavaScript al navegador per a poder completar el formulari.<\/noscript><div class=\"wpforms-field-container\"><div id=\"wpforms-1377-field_1-container\" class=\"wpforms-field wpforms-field-text\" data-field-id=\"1\"><label class=\"wpforms-field-label wpforms-label-hide\" for=\"wpforms-1377-field_1\">Nom <span class=\"wpforms-required-label\">*<\/span><\/label><input type=\"text\" id=\"wpforms-1377-field_1\" class=\"wpforms-field-large wpforms-field-required\" name=\"wpforms[fields][1]\" placeholder=\"Nom i Cognoms\" required><\/div><div id=\"wpforms-1377-field_2-container\" class=\"wpforms-field wpforms-field-text\" data-field-id=\"2\"><label class=\"wpforms-field-label wpforms-label-hide\" for=\"wpforms-1377-field_2\">Tel\u00e8fon <span class=\"wpforms-required-label\">*<\/span><\/label><input type=\"text\" id=\"wpforms-1377-field_2\" class=\"wpforms-field-large wpforms-field-required\" name=\"wpforms[fields][2]\" placeholder=\"Tel\u00e8fon\" required><\/div><div id=\"wpforms-1377-field_3-container\" class=\"wpforms-field wpforms-field-email\" data-field-id=\"3\"><label class=\"wpforms-field-label wpforms-label-hide\" for=\"wpforms-1377-field_3\">Correu electr\u00f2nic <span class=\"wpforms-required-label\">*<\/span><\/label><input type=\"email\" id=\"wpforms-1377-field_3\" class=\"wpforms-field-large wpforms-field-required\" name=\"wpforms[fields][3]\" placeholder=\"Email\" spellcheck=\"false\" required><\/div><div id=\"wpforms-1377-field_4-container\" class=\"wpforms-field wpforms-field-text\" data-field-id=\"4\"><label class=\"wpforms-field-label wpforms-label-hide\" for=\"wpforms-1377-field_4\">Localitzaci\u00f3<\/label><input type=\"text\" id=\"wpforms-1377-field_4\" class=\"wpforms-field-large\" name=\"wpforms[fields][4]\" placeholder=\"Localitzaci\u00f3\" ><\/div><div id=\"wpforms-1377-field_5-container\" class=\"wpforms-field wpforms-field-textarea\" data-field-id=\"5\"><label class=\"wpforms-field-label wpforms-label-hide\" for=\"wpforms-1377-field_5\">Missatge<\/label><textarea id=\"wpforms-1377-field_5\" class=\"wpforms-field-medium\" name=\"wpforms[fields][5]\" placeholder=\"Missatge\" ><\/textarea><\/div><div id=\"wpforms-1377-field_6-container\" class=\"wpforms-field wpforms-field-checkbox\" data-field-id=\"6\"><label class=\"wpforms-field-label wpforms-label-hide\">Caselles de verificaci\u00f3 <span class=\"wpforms-required-label\">*<\/span><\/label><ul id=\"wpforms-1377-field_6\" class=\"wpforms-field-required\"><li class=\"choice-1 depth-1\"><input type=\"checkbox\" id=\"wpforms-1377-field_6_1\" name=\"wpforms[fields][6][]\" value=\"He llegit i accepto la &lt;a href=&quot;\/aviso-legal\/&quot; target=&quot;_blank&quot;&gt;Pol\u00edtica de privadesa&lt;\/a&gt;\" required ><label class=\"wpforms-field-label-inline\" for=\"wpforms-1377-field_6_1\">He llegit i accepto la <a href=\"\/aviso-legal\/\" target=\"_blank\">Pol\u00edtica de privadesa<\/a><\/label><\/li><\/ul><\/div><\/div><!-- .wpforms-field-container --><div class=\"wpforms-recaptcha-container wpforms-is-recaptcha wpforms-is-recaptcha-type-v3\" ><input type=\"hidden\" name=\"wpforms[recaptcha]\" value=\"\"><\/div><div class=\"wpforms-submit-container\" ><input type=\"hidden\" name=\"wpforms[id]\" value=\"1377\"><input type=\"hidden\" name=\"page_title\" value=\"\"><input type=\"hidden\" name=\"page_url\" value=\"https:\/\/www.institucioibars.com\/ca\/wp-json\/wp\/v2\/pages\/60363\"><button type=\"submit\" name=\"wpforms[submit]\" id=\"wpforms-submit-1377\" class=\"wpforms-submit\" data-alt-text=\"Enviant...\" data-submit-text=\"Sol\u00b7licitar m\u00e9s informaci\u00f3\" aria-live=\"assertive\" value=\"wpforms-submit\">Sol\u00b7licitar m\u00e9s informaci\u00f3<\/button><img decoding=\"async\" src=\"https:\/\/www.institucioibars.com\/wp-content\/plugins\/wpforms-lite\/assets\/images\/submit-spin.svg\" class=\"wpforms-submit-spinner\" style=\"display: none;\" width=\"26\" height=\"26\" alt=\"S&#039;est\u00e0 carregant\"><\/div><\/form><\/div>  <!-- .wpforms-container -->            <\/div>\n\t\t<\/div>\n\t\t\t\t<\/div>\n\t\t\t\t\t<\/div>\n\t\t<\/div>\n\t\t\t\t<div class=\"elementor-column elementor-col-50 elementor-top-column elementor-element elementor-element-ccd4bc4\" data-id=\"ccd4bc4\" data-element_type=\"column\">\n\t\t\t<div class=\"elementor-widget-wrap elementor-element-populated\">\n\t\t\t\t\t\t<div class=\"elementor-element elementor-element-ac67ecd elementor-position-left elementor-view-default elementor-mobile-position-top elementor-vertical-align-top elementor-widget elementor-widget-icon-box\" data-id=\"ac67ecd\" data-element_type=\"widget\" data-widget_type=\"icon-box.default\">\n\t\t\t\t<div class=\"elementor-widget-container\">\n\t\t\t\t\t<div class=\"elementor-icon-box-wrapper\">\n\n\t\t\t\t\t\t<div class=\"elementor-icon-box-icon\">\n\t\t\t\t<span  class=\"elementor-icon elementor-animation-\">\n\t\t\t\t<svg aria-hidden=\"true\" class=\"e-font-icon-svg e-fas-map-marker-alt\" viewBox=\"0 0 384 512\" xmlns=\"http:\/\/www.w3.org\/2000\/svg\"><path d=\"M172.268 501.67C26.97 291.031 0 269.413 0 192 0 85.961 85.961 0 192 0s192 85.961 192 192c0 77.413-26.97 99.031-172.268 309.67-9.535 13.774-29.93 13.773-39.464 0zM192 272c44.183 0 80-35.817 80-80s-35.817-80-80-80-80 35.817-80 80 35.817 80 80 80z\"><\/path><\/svg>\t\t\t\t<\/span>\n\t\t\t<\/div>\n\t\t\t\n\t\t\t\t\t\t<div class=\"elementor-icon-box-content\">\n\n\t\t\t\t\t\t\t\t\t<h6 class=\"elementor-icon-box-title\">\n\t\t\t\t\t\t<span  >\n\t\t\t\t\t\t\tAdre\u00e7a\t\t\t\t\t\t<\/span>\n\t\t\t\t\t<\/h6>\n\t\t\t\t\n\t\t\t\t\t\t\t\t\t<p class=\"elementor-icon-box-description\">\n\t\t\t\t\t\tAvinguda. del Carrilet, 3 Edifici D 5 pl, 08902 L'Hospitalet de Llobregat, Ciutat de la Just\u00edcia, Barcelona - Espanya\t\t\t\t\t<\/p>\n\t\t\t\t\n\t\t\t<\/div>\n\t\t\t\n\t\t<\/div>\n\t\t\t\t<\/div>\n\t\t\t\t<\/div>\n\t\t\t\t<div class=\"elementor-element elementor-element-ecc209e elementor-position-left elementor-view-default elementor-mobile-position-top elementor-vertical-align-top elementor-widget elementor-widget-icon-box\" data-id=\"ecc209e\" data-element_type=\"widget\" data-widget_type=\"icon-box.default\">\n\t\t\t\t<div class=\"elementor-widget-container\">\n\t\t\t\t\t<div class=\"elementor-icon-box-wrapper\">\n\n\t\t\t\t\t\t<div class=\"elementor-icon-box-icon\">\n\t\t\t\t<span  class=\"elementor-icon elementor-animation-\">\n\t\t\t\t<svg aria-hidden=\"true\" class=\"e-font-icon-svg e-fas-phone\" viewBox=\"0 0 512 512\" xmlns=\"http:\/\/www.w3.org\/2000\/svg\"><path d=\"M493.4 24.6l-104-24c-11.3-2.6-22.9 3.3-27.5 13.9l-48 112c-4.2 9.8-1.4 21.3 6.9 28l60.6 49.6c-36 76.7-98.9 140.5-177.2 177.2l-49.6-60.6c-6.8-8.3-18.2-11.1-28-6.9l-112 48C3.9 366.5-2 378.1.6 389.4l24 104C27.1 504.2 36.7 512 48 512c256.1 0 464-207.5 464-464 0-11.2-7.7-20.9-18.6-23.4z\"><\/path><\/svg>\t\t\t\t<\/span>\n\t\t\t<\/div>\n\t\t\t\n\t\t\t\t\t\t<div class=\"elementor-icon-box-content\">\n\n\t\t\t\t\t\t\t\t\t<h6 class=\"elementor-icon-box-title\">\n\t\t\t\t\t\t<span  >\n\t\t\t\t\t\t\tTel\u00e8fon\t\t\t\t\t\t<\/span>\n\t\t\t\t\t<\/h6>\n\t\t\t\t\n\t\t\t\t\t\t\t\t\t<p class=\"elementor-icon-box-description\">\n\t\t\t\t\t\t900933249 - 722739478\t\t\t\t\t<\/p>\n\t\t\t\t\n\t\t\t<\/div>\n\t\t\t\n\t\t<\/div>\n\t\t\t\t<\/div>\n\t\t\t\t<\/div>\n\t\t\t\t<div class=\"elementor-element elementor-element-0a3ae79 elementor-position-left elementor-view-default elementor-mobile-position-top elementor-vertical-align-top elementor-widget elementor-widget-icon-box\" data-id=\"0a3ae79\" data-element_type=\"widget\" data-widget_type=\"icon-box.default\">\n\t\t\t\t<div class=\"elementor-widget-container\">\n\t\t\t\t\t<div class=\"elementor-icon-box-wrapper\">\n\n\t\t\t\t\t\t<div class=\"elementor-icon-box-icon\">\n\t\t\t\t<a href=\"mailto:info@institucioibars.com\" class=\"elementor-icon elementor-animation-\" tabindex=\"-1\">\n\t\t\t\t<svg aria-hidden=\"true\" class=\"e-font-icon-svg e-fas-envelope\" viewBox=\"0 0 512 512\" xmlns=\"http:\/\/www.w3.org\/2000\/svg\"><path d=\"M502.3 190.8c3.9-3.1 9.7-.2 9.7 4.7V400c0 26.5-21.5 48-48 48H48c-26.5 0-48-21.5-48-48V195.6c0-5 5.7-7.8 9.7-4.7 22.4 17.4 52.1 39.5 154.1 113.6 21.1 15.4 56.7 47.8 92.2 47.6 35.7.3 72-32.8 92.3-47.6 102-74.1 131.6-96.3 154-113.7zM256 320c23.2.4 56.6-29.2 73.4-41.4 132.7-96.3 142.8-104.7 173.4-128.7 5.8-4.5 9.2-11.5 9.2-18.9v-19c0-26.5-21.5-48-48-48H48C21.5 64 0 85.5 0 112v19c0 7.4 3.4 14.3 9.2 18.9 30.6 23.9 40.7 32.4 173.4 128.7 16.8 12.2 50.2 41.8 73.4 41.4z\"><\/path><\/svg>\t\t\t\t<\/a>\n\t\t\t<\/div>\n\t\t\t\n\t\t\t\t\t\t<div class=\"elementor-icon-box-content\">\n\n\t\t\t\t\t\t\t\t\t<h6 class=\"elementor-icon-box-title\">\n\t\t\t\t\t\t<a href=\"mailto:info@institucioibars.com\" >\n\t\t\t\t\t\t\tEmail\t\t\t\t\t\t<\/a>\n\t\t\t\t\t<\/h6>\n\t\t\t\t\n\t\t\t\t\t\t\t\t\t<p class=\"elementor-icon-box-description\">\n\t\t\t\t\t\tinfo@institucioibars.com\t\t\t\t\t<\/p>\n\t\t\t\t\n\t\t\t<\/div>\n\t\t\t\n\t\t<\/div>\n\t\t\t\t<\/div>\n\t\t\t\t<\/div>\n\t\t\t\t\t<\/div>\n\t\t<\/div>\n\t\t\t\t\t<\/div>\n\t\t<\/section>\n\t\t<div class=\"elementor-element elementor-element-e358bfc e-flex e-con-boxed wpr-particle-no wpr-jarallax-no wpr-parallax-no wpr-sticky-section-no e-con e-parent\" data-id=\"e358bfc\" data-element_type=\"container\">\n\t\t\t\t\t<div class=\"e-con-inner\">\n\t\t\t\t<div class=\"elementor-element elementor-element-3759861 elementor-widget elementor-widget-google_maps\" data-id=\"3759861\" data-element_type=\"widget\" data-widget_type=\"google_maps.default\">\n\t\t\t\t<div class=\"elementor-widget-container\">\n\t\t\t\t\t<div class=\"elementor-custom-embed\">\n\t\t\t<iframe loading=\"lazy\"\n\t\t\t\t\tsrc=\"https:\/\/maps.google.com\/maps?q=Institucio%20Ibars&#038;t=m&#038;z=15&#038;output=embed&#038;iwloc=near\"\n\t\t\t\t\ttitle=\"Institucio Ibars\"\n\t\t\t\t\taria-label=\"Institucio Ibars\"\n\t\t\t><\/iframe>\n\t\t<\/div>\n\t\t\t\t<\/div>\n\t\t\t\t<\/div>\n\t\t\t\t\t<\/div>\n\t\t\t\t<\/div>\n\t\t\t\t<\/div>\n\t\t","protected":false},"excerpt":{"rendered":"<p>CONTACTE Por favor, activa JavaScript en tu navegador para completar este formulario.Nombre *Tel\u00e9fono *Correo electr\u00f3nico *Localizaci\u00f3nMensajeCasillas de verificaci\u00f3n * He le\u00eddo y acepto la Pol\u00edtica de privacidad Solicitar m\u00e1s informaci\u00f3n Adre\u00e7a Avinguda. del Carrilet, 3 Edifici D 5 pl, 08902 L&#8217;Hospitalet de Llobregat, Ciutat de la Just\u00edcia, Barcelona &#8211; Espanya Tel\u00e8fon 900933249 &#8211; 722739478 Email<\/p>\n","protected":false},"author":1,"featured_media":0,"parent":0,"menu_order":0,"comment_status":"closed","ping_status":"closed","template":"","meta":{"site-sidebar-layout":"no-sidebar","site-content-layout":"page-builder","ast-site-content-layout":"full-width-container","site-content-style":"unboxed","site-sidebar-style":"unboxed","ast-global-header-display":"","ast-banner-title-visibility":"","ast-main-header-display":"","ast-hfb-above-header-display":"","ast-hfb-below-header-display":"","ast-hfb-mobile-header-display":"","site-post-title":"disabled","ast-breadcrumbs-content":"disabled","ast-featured-img":"disabled","footer-sml-layout":"","theme-transparent-header-meta":"default","adv-header-id-meta":"","stick-header-meta":"","header-above-stick-meta":"","header-main-stick-meta":"","header-below-stick-meta":"","astra-migrate-meta-layouts":"default","ast-page-background-enabled":"default","ast-page-background-meta":{"desktop":{"background-color":"","background-image":"","background-repeat":"repeat","background-position":"center center","background-size":"auto","background-attachment":"scroll","background-type":"","background-media":"","overlay-type":"","overlay-color":"","overlay-opacity":"","overlay-gradient":""},"tablet":{"background-color":"","background-image":"","background-repeat":"repeat","background-position":"center center","background-size":"auto","background-attachment":"scroll","background-type":"","background-media":"","overlay-type":"","overlay-color":"","overlay-opacity":"","overlay-gradient":""},"mobile":{"background-color":"","background-image":"","background-repeat":"repeat","background-position":"center center","background-size":"auto","background-attachment":"scroll","background-type":"","background-media":"","overlay-type":"","overlay-color":"","overlay-opacity":"","overlay-gradient":""}},"ast-content-background-meta":{"desktop":{"background-color":"var(--ast-global-color-5)","background-image":"","background-repeat":"repeat","background-position":"center center","background-size":"auto","background-attachment":"scroll","background-type":"","background-media":"","overlay-type":"","overlay-color":"","overlay-opacity":"","overlay-gradient":""},"tablet":{"background-color":"var(--ast-global-color-5)","background-image":"","background-repeat":"repeat","background-position":"center center","background-size":"auto","background-attachment":"scroll","background-type":"","background-media":"","overlay-type":"","overlay-color":"","overlay-opacity":"","overlay-gradient":""},"mobile":{"background-color":"var(--ast-global-color-5)","background-image":"","background-repeat":"repeat","background-position":"center center","background-size":"auto","background-attachment":"scroll","background-type":"","background-media":"","overlay-type":"","overlay-color":"","overlay-opacity":"","overlay-gradient":""}},"_themeisle_gutenberg_block_has_review":false,"footnotes":""},"class_list":["post-60363","page","type-page","status-publish","hentry"],"yoast_head":"<!-- This site is optimized with the Yoast SEO plugin v23.7 - https:\/\/yoast.com\/wordpress\/plugins\/seo\/ -->\n<title>Contacte - Institucio Ibars<\/title>\n<meta name=\"robots\" content=\"index, follow, max-snippet:-1, max-image-preview:large, max-video-preview:-1\" \/>\n<link rel=\"canonical\" href=\"https:\/\/www.institucioibars.com\/ca\/contacte\/\" \/>\n<meta property=\"og:locale\" content=\"ca_ES\" \/>\n<meta property=\"og:type\" content=\"article\" \/>\n<meta property=\"og:title\" content=\"Contacte - Institucio Ibars\" \/>\n<meta property=\"og:description\" content=\"CONTACTE Por favor, activa JavaScript en tu navegador para completar este formulario.Nombre *Tel\u00e9fono *Correo electr\u00f3nico *Localizaci\u00f3nMensajeCasillas de verificaci\u00f3n * He le\u00eddo y acepto la Pol\u00edtica de privacidad Solicitar m\u00e1s informaci\u00f3n Adre\u00e7a Avinguda. del Carrilet, 3 Edifici D 5 pl, 08902 L&#8217;Hospitalet de Llobregat, Ciutat de la Just\u00edcia, Barcelona &#8211; Espanya Tel\u00e8fon 900933249 &#8211; 722739478 Email\" \/>\n<meta property=\"og:url\" content=\"https:\/\/www.institucioibars.com\/ca\/contacte\/\" \/>\n<meta property=\"og:site_name\" content=\"Institucio Ibars\" \/>\n<meta property=\"article:publisher\" content=\"https:\/\/www.facebook.com\/InstitucioIbars\" \/>\n<meta property=\"article:modified_time\" content=\"2025-02-13T16:27:36+00:00\" \/>\n<meta property=\"og:image\" content=\"https:\/\/www.institucioibars.com\/wp-content\/plugins\/wpforms-lite\/assets\/images\/submit-spin.svg\" \/>\n<meta name=\"twitter:card\" content=\"summary_large_image\" \/>\n<meta name=\"twitter:label1\" content=\"Temps estimat de lectura\" \/>\n\t<meta name=\"twitter:data1\" content=\"1 minut\" \/>\n<script type=\"application\/ld+json\" class=\"yoast-schema-graph\">{\"@context\":\"https:\/\/schema.org\",\"@graph\":[{\"@type\":\"WebPage\",\"@id\":\"https:\/\/www.institucioibars.com\/ca\/contacte\/\",\"url\":\"https:\/\/www.institucioibars.com\/ca\/contacte\/\",\"name\":\"Contacte - Institucio Ibars\",\"isPartOf\":{\"@id\":\"https:\/\/www.institucioibars.com\/ca\/#website\"},\"primaryImageOfPage\":{\"@id\":\"https:\/\/www.institucioibars.com\/ca\/contacte\/#primaryimage\"},\"image\":{\"@id\":\"https:\/\/www.institucioibars.com\/ca\/contacte\/#primaryimage\"},\"thumbnailUrl\":\"https:\/\/www.institucioibars.com\/wp-content\/plugins\/wpforms-lite\/assets\/images\/submit-spin.svg\",\"datePublished\":\"2021-05-21T08:00:07+00:00\",\"dateModified\":\"2025-02-13T16:27:36+00:00\",\"breadcrumb\":{\"@id\":\"https:\/\/www.institucioibars.com\/ca\/contacte\/#breadcrumb\"},\"inLanguage\":\"ca\",\"potentialAction\":[{\"@type\":\"ReadAction\",\"target\":[\"https:\/\/www.institucioibars.com\/ca\/contacte\/\"]}]},{\"@type\":\"ImageObject\",\"inLanguage\":\"ca\",\"@id\":\"https:\/\/www.institucioibars.com\/ca\/contacte\/#primaryimage\",\"url\":\"https:\/\/www.institucioibars.com\/wp-content\/plugins\/wpforms-lite\/assets\/images\/submit-spin.svg\",\"contentUrl\":\"https:\/\/www.institucioibars.com\/wp-content\/plugins\/wpforms-lite\/assets\/images\/submit-spin.svg\"},{\"@type\":\"BreadcrumbList\",\"@id\":\"https:\/\/www.institucioibars.com\/ca\/contacte\/#breadcrumb\",\"itemListElement\":[{\"@type\":\"ListItem\",\"position\":1,\"name\":\"Portada\",\"item\":\"https:\/\/www.institucioibars.com\/ca\/\"},{\"@type\":\"ListItem\",\"position\":2,\"name\":\"Contacte\"}]},{\"@type\":\"WebSite\",\"@id\":\"https:\/\/www.institucioibars.com\/ca\/#website\",\"url\":\"https:\/\/www.institucioibars.com\/ca\/\",\"name\":\"Institucio Ibars\",\"description\":\"Cuidado de personas mayores y ancianos a Domicilio\",\"publisher\":{\"@id\":\"https:\/\/www.institucioibars.com\/ca\/#organization\"},\"alternateName\":\"Ibars cuidado a mayores\",\"potentialAction\":[{\"@type\":\"SearchAction\",\"target\":{\"@type\":\"EntryPoint\",\"urlTemplate\":\"https:\/\/www.institucioibars.com\/ca\/?s={search_term_string}\"},\"query-input\":{\"@type\":\"PropertyValueSpecification\",\"valueRequired\":true,\"valueName\":\"search_term_string\"}}],\"inLanguage\":\"ca\"},{\"@type\":\"Organization\",\"@id\":\"https:\/\/www.institucioibars.com\/ca\/#organization\",\"name\":\"Instituci\u00f3 Ibars\",\"alternateName\":\"Associacio INSTITUCIO IBARS\",\"url\":\"https:\/\/www.institucioibars.com\/ca\/\",\"logo\":{\"@type\":\"ImageObject\",\"inLanguage\":\"ca\",\"@id\":\"https:\/\/www.institucioibars.com\/ca\/#\/schema\/logo\/image\/\",\"url\":\"https:\/\/www.institucioibars.com\/wp-content\/uploads\/2024\/02\/institucio-ibars-logo.png\",\"contentUrl\":\"https:\/\/www.institucioibars.com\/wp-content\/uploads\/2024\/02\/institucio-ibars-logo.png\",\"width\":250,\"height\":78,\"caption\":\"Instituci\u00f3 Ibars\"},\"image\":{\"@id\":\"https:\/\/www.institucioibars.com\/ca\/#\/schema\/logo\/image\/\"},\"sameAs\":[\"https:\/\/www.facebook.com\/InstitucioIbars\"]}]}<\/script>\n<!-- \/ Yoast SEO plugin. -->","yoast_head_json":{"title":"Contacte - Institucio Ibars","robots":{"index":"index","follow":"follow","max-snippet":"max-snippet:-1","max-image-preview":"max-image-preview:large","max-video-preview":"max-video-preview:-1"},"canonical":"https:\/\/www.institucioibars.com\/ca\/contacte\/","og_locale":"ca_ES","og_type":"article","og_title":"Contacte - Institucio Ibars","og_description":"CONTACTE Por favor, activa JavaScript en tu navegador para completar este formulario.Nombre *Tel\u00e9fono *Correo electr\u00f3nico *Localizaci\u00f3nMensajeCasillas de verificaci\u00f3n * He le\u00eddo y acepto la Pol\u00edtica de privacidad Solicitar m\u00e1s informaci\u00f3n Adre\u00e7a Avinguda. del Carrilet, 3 Edifici D 5 pl, 08902 L&#8217;Hospitalet de Llobregat, Ciutat de la Just\u00edcia, Barcelona &#8211; Espanya Tel\u00e8fon 900933249 &#8211; 722739478 Email","og_url":"https:\/\/www.institucioibars.com\/ca\/contacte\/","og_site_name":"Institucio Ibars","article_publisher":"https:\/\/www.facebook.com\/InstitucioIbars","article_modified_time":"2025-02-13T16:27:36+00:00","og_image":[{"url":"https:\/\/www.institucioibars.com\/wp-content\/plugins\/wpforms-lite\/assets\/images\/submit-spin.svg"}],"twitter_card":"summary_large_image","twitter_misc":{"Temps estimat de lectura":"1 minut"},"schema":{"@context":"https:\/\/schema.org","@graph":[{"@type":"WebPage","@id":"https:\/\/www.institucioibars.com\/ca\/contacte\/","url":"https:\/\/www.institucioibars.com\/ca\/contacte\/","name":"Contacte - Institucio Ibars","isPartOf":{"@id":"https:\/\/www.institucioibars.com\/ca\/#website"},"primaryImageOfPage":{"@id":"https:\/\/www.institucioibars.com\/ca\/contacte\/#primaryimage"},"image":{"@id":"https:\/\/www.institucioibars.com\/ca\/contacte\/#primaryimage"},"thumbnailUrl":"https:\/\/www.institucioibars.com\/wp-content\/plugins\/wpforms-lite\/assets\/images\/submit-spin.svg","datePublished":"2021-05-21T08:00:07+00:00","dateModified":"2025-02-13T16:27:36+00:00","breadcrumb":{"@id":"https:\/\/www.institucioibars.com\/ca\/contacte\/#breadcrumb"},"inLanguage":"ca","potentialAction":[{"@type":"ReadAction","target":["https:\/\/www.institucioibars.com\/ca\/contacte\/"]}]},{"@type":"ImageObject","inLanguage":"ca","@id":"https:\/\/www.institucioibars.com\/ca\/contacte\/#primaryimage","url":"https:\/\/www.institucioibars.com\/wp-content\/plugins\/wpforms-lite\/assets\/images\/submit-spin.svg","contentUrl":"https:\/\/www.institucioibars.com\/wp-content\/plugins\/wpforms-lite\/assets\/images\/submit-spin.svg"},{"@type":"BreadcrumbList","@id":"https:\/\/www.institucioibars.com\/ca\/contacte\/#breadcrumb","itemListElement":[{"@type":"ListItem","position":1,"name":"Portada","item":"https:\/\/www.institucioibars.com\/ca\/"},{"@type":"ListItem","position":2,"name":"Contacte"}]},{"@type":"WebSite","@id":"https:\/\/www.institucioibars.com\/ca\/#website","url":"https:\/\/www.institucioibars.com\/ca\/","name":"Institucio Ibars","description":"Cuidado de personas mayores y ancianos a Domicilio","publisher":{"@id":"https:\/\/www.institucioibars.com\/ca\/#organization"},"alternateName":"Ibars cuidado a mayores","potentialAction":[{"@type":"SearchAction","target":{"@type":"EntryPoint","urlTemplate":"https:\/\/www.institucioibars.com\/ca\/?s={search_term_string}"},"query-input":{"@type":"PropertyValueSpecification","valueRequired":true,"valueName":"search_term_string"}}],"inLanguage":"ca"},{"@type":"Organization","@id":"https:\/\/www.institucioibars.com\/ca\/#organization","name":"Instituci\u00f3 Ibars","alternateName":"Associacio INSTITUCIO IBARS","url":"https:\/\/www.institucioibars.com\/ca\/","logo":{"@type":"ImageObject","inLanguage":"ca","@id":"https:\/\/www.institucioibars.com\/ca\/#\/schema\/logo\/image\/","url":"https:\/\/www.institucioibars.com\/wp-content\/uploads\/2024\/02\/institucio-ibars-logo.png","contentUrl":"https:\/\/www.institucioibars.com\/wp-content\/uploads\/2024\/02\/institucio-ibars-logo.png","width":250,"height":78,"caption":"Instituci\u00f3 Ibars"},"image":{"@id":"https:\/\/www.institucioibars.com\/ca\/#\/schema\/logo\/image\/"},"sameAs":["https:\/\/www.facebook.com\/InstitucioIbars"]}]}},"_links":{"self":[{"href":"https:\/\/www.institucioibars.com\/ca\/wp-json\/wp\/v2\/pages\/60363","targetHints":{"allow":["GET"]}}],"collection":[{"href":"https:\/\/www.institucioibars.com\/ca\/wp-json\/wp\/v2\/pages"}],"about":[{"href":"https:\/\/www.institucioibars.com\/ca\/wp-json\/wp\/v2\/types\/page"}],"author":[{"embeddable":true,"href":"https:\/\/www.institucioibars.com\/ca\/wp-json\/wp\/v2\/users\/1"}],"replies":[{"embeddable":true,"href":"https:\/\/www.institucioibars.com\/ca\/wp-json\/wp\/v2\/comments?post=60363"}],"version-history":[{"count":13,"href":"https:\/\/www.institucioibars.com\/ca\/wp-json\/wp\/v2\/pages\/60363\/revisions"}],"predecessor-version":[{"id":62167,"href":"https:\/\/www.institucioibars.com\/ca\/wp-json\/wp\/v2\/pages\/60363\/revisions\/62167"}],"wp:attachment":[{"href":"https:\/\/www.institucioibars.com\/ca\/wp-json\/wp\/v2\/media?parent=60363"}],"curies":[{"name":"wp","href":"https:\/\/api.w.org\/{rel}","templated":true}]}}