{"id":60296,"date":"2024-07-12T14:13:47","date_gmt":"2024-07-12T12:13:47","guid":{"rendered":"https:\/\/ibars.institucioibars.com\/confirmacio-rebut-comprovant\/"},"modified":"2024-09-27T15:18:34","modified_gmt":"2024-09-27T13:18:34","slug":"confirmacio-rebut-comprovant","status":"publish","type":"page","link":"https:\/\/www.institucioibars.com\/ca\/confirmacio-rebut-comprovant\/","title":{"rendered":"confirmaci\u00f3 rebut comprovant"},"content":{"rendered":"\t\t<div data-elementor-type=\"wp-page\" data-elementor-id=\"60296\" class=\"elementor elementor-60296 elementor-59012\">\n\t\t\t\t<div class=\"elementor-element elementor-element-dd79739 e-flex e-con-boxed wpr-particle-no wpr-jarallax-no wpr-parallax-no wpr-sticky-section-no e-con e-parent\" data-id=\"dd79739\" data-element_type=\"container\">\n\t\t\t\t\t<div class=\"e-con-inner\">\n\t\t<div class=\"elementor-element elementor-element-f670ca0 e-flex e-con-boxed wpr-particle-no wpr-jarallax-no wpr-parallax-no wpr-sticky-section-no e-con e-child\" data-id=\"f670ca0\" data-element_type=\"container\" data-settings=\"{&quot;background_background&quot;:&quot;classic&quot;}\">\n\t\t\t\t\t<div class=\"e-con-inner\">\n\t\t\t\t<div class=\"elementor-element elementor-element-98ac758 elementor-widget elementor-widget-heading\" data-id=\"98ac758\" data-element_type=\"widget\" data-widget_type=\"heading.default\">\n\t\t\t\t<div class=\"elementor-widget-container\">\n\t\t\t<h4 class=\"elementor-heading-title elementor-size-default\">Gr\u00e0cies per la vostra confirmaci\u00f3, en un m\u00e0xim de 24 hores es posar\u00e0 en contacte amb vost\u00e8 la vostra coordinadora, Treballadora social titulada.<\/h4>\t\t<\/div>\n\t\t\t\t<\/div>\n\t\t\t\t\t<\/div>\n\t\t\t\t<\/div>\n\t\t\t\t\t<\/div>\n\t\t\t\t<\/div>\n\t\t<div class=\"elementor-element elementor-element-cae9ecb e-flex e-con-boxed wpr-particle-no wpr-jarallax-no wpr-parallax-no wpr-sticky-section-no e-con e-parent\" data-id=\"cae9ecb\" data-element_type=\"container\">\n\t\t\t\t\t<div class=\"e-con-inner\">\n\t\t\t\t<div class=\"elementor-element elementor-element-a26b4d1 elementor-widget elementor-widget-image\" data-id=\"a26b4d1\" data-element_type=\"widget\" data-widget_type=\"image.default\">\n\t\t\t\t<div class=\"elementor-widget-container\">\n\t\t\t\t\t\t\t\t\t\t\t\t\t<img decoding=\"async\" width=\"250\" height=\"78\" src=\"https:\/\/www.institucioibars.com\/wp-content\/uploads\/2024\/02\/institucio-ibars-logo-200x62.png\" class=\"attachment-large size-large wp-image-12\" alt=\"\" srcset=\"https:\/\/www.institucioibars.com\/wp-content\/uploads\/2024\/02\/institucio-ibars-logo.png 250w, https:\/\/www.institucioibars.com\/wp-content\/uploads\/2024\/02\/institucio-ibars-logo-200x62.png 200w\" sizes=\"(max-width: 250px) 100vw, 250px\" \/>\t\t\t\t\t\t\t\t\t\t\t\t\t<\/div>\n\t\t\t\t<\/div>\n\t\t\t\t<div class=\"elementor-element elementor-element-dc461af elementor-widget elementor-widget-spacer\" data-id=\"dc461af\" data-element_type=\"widget\" data-widget_type=\"spacer.default\">\n\t\t\t\t<div class=\"elementor-widget-container\">\n\t\t\t\t\t<div class=\"elementor-spacer\">\n\t\t\t<div class=\"elementor-spacer-inner\"><\/div>\n\t\t<\/div>\n\t\t\t\t<\/div>\n\t\t\t\t<\/div>\n\t\t\t\t\t<\/div>\n\t\t\t\t<\/div>\n\t\t\t\t<\/div>\n\t\t","protected":false},"excerpt":{"rendered":"<p>Gr\u00e0cies per la vostra confirmaci\u00f3, en un m\u00e0xim de 24 hores es posar\u00e0 en contacte amb vost\u00e8 la vostra coordinadora, Treballadora social titulada.<\/p>\n","protected":false},"author":1,"featured_media":0,"parent":0,"menu_order":0,"comment_status":"closed","ping_status":"closed","template":"","meta":{"site-sidebar-layout":"no-sidebar","site-content-layout":"page-builder","ast-site-content-layout":"full-width-container","site-content-style":"default","site-sidebar-style":"default","ast-global-header-display":"","ast-banner-title-visibility":"","ast-main-header-display":"","ast-hfb-above-header-display":"","ast-hfb-below-header-display":"","ast-hfb-mobile-header-display":"","site-post-title":"disabled","ast-breadcrumbs-content":"","ast-featured-img":"disabled","footer-sml-layout":"","theme-transparent-header-meta":"","adv-header-id-meta":"","stick-header-meta":"","header-above-stick-meta":"","header-main-stick-meta":"","header-below-stick-meta":"","astra-migrate-meta-layouts":"default","ast-page-background-enabled":"default","ast-page-background-meta":{"desktop":{"background-color":"","background-image":"","background-repeat":"repeat","background-position":"center center","background-size":"auto","background-attachment":"scroll","background-type":"","background-media":"","overlay-type":"","overlay-color":"","overlay-opacity":"","overlay-gradient":""},"tablet":{"background-color":"","background-image":"","background-repeat":"repeat","background-position":"center center","background-size":"auto","background-attachment":"scroll","background-type":"","background-media":"","overlay-type":"","overlay-color":"","overlay-opacity":"","overlay-gradient":""},"mobile":{"background-color":"","background-image":"","background-repeat":"repeat","background-position":"center center","background-size":"auto","background-attachment":"scroll","background-type":"","background-media":"","overlay-type":"","overlay-color":"","overlay-opacity":"","overlay-gradient":""}},"ast-content-background-meta":{"desktop":{"background-color":"var(--ast-global-color-5)","background-image":"","background-repeat":"repeat","background-position":"center center","background-size":"auto","background-attachment":"scroll","background-type":"","background-media":"","overlay-type":"","overlay-color":"","overlay-opacity":"","overlay-gradient":""},"tablet":{"background-color":"var(--ast-global-color-5)","background-image":"","background-repeat":"repeat","background-position":"center center","background-size":"auto","background-attachment":"scroll","background-type":"","background-media":"","overlay-type":"","overlay-color":"","overlay-opacity":"","overlay-gradient":""},"mobile":{"background-color":"var(--ast-global-color-5)","background-image":"","background-repeat":"repeat","background-position":"center center","background-size":"auto","background-attachment":"scroll","background-type":"","background-media":"","overlay-type":"","overlay-color":"","overlay-opacity":"","overlay-gradient":""}},"_themeisle_gutenberg_block_has_review":false,"footnotes":""},"class_list":["post-60296","page","type-page","status-publish","hentry"],"yoast_head":"<!-- This site is optimized with the Yoast SEO plugin v23.7 - https:\/\/yoast.com\/wordpress\/plugins\/seo\/ -->\n<title>confirmaci\u00f3 rebut comprovant - Institucio Ibars<\/title>\n<meta name=\"robots\" content=\"index, follow, max-snippet:-1, max-image-preview:large, max-video-preview:-1\" \/>\n<link rel=\"canonical\" href=\"https:\/\/www.institucioibars.com\/ca\/confirmacio-rebut-comprovant\/\" \/>\n<meta property=\"og:locale\" content=\"ca_ES\" \/>\n<meta property=\"og:type\" content=\"article\" \/>\n<meta property=\"og:title\" content=\"confirmaci\u00f3 rebut comprovant - Institucio Ibars\" \/>\n<meta property=\"og:description\" content=\"Gr\u00e0cies per la vostra confirmaci\u00f3, en un m\u00e0xim de 24 hores es posar\u00e0 en contacte amb vost\u00e8 la vostra coordinadora, Treballadora social titulada.\" \/>\n<meta property=\"og:url\" content=\"https:\/\/www.institucioibars.com\/ca\/confirmacio-rebut-comprovant\/\" \/>\n<meta property=\"og:site_name\" content=\"Institucio Ibars\" \/>\n<meta property=\"article:publisher\" content=\"https:\/\/www.facebook.com\/InstitucioIbars\" \/>\n<meta property=\"article:modified_time\" content=\"2024-09-27T13:18:34+00:00\" \/>\n<meta property=\"og:image\" content=\"https:\/\/ibars.institucioibars.com\/wp-content\/uploads\/2024\/02\/institucio-ibars-logo.png\" \/>\n<meta name=\"twitter:card\" content=\"summary_large_image\" \/>\n<script type=\"application\/ld+json\" class=\"yoast-schema-graph\">{\"@context\":\"https:\/\/schema.org\",\"@graph\":[{\"@type\":\"WebPage\",\"@id\":\"https:\/\/www.institucioibars.com\/ca\/confirmacio-rebut-comprovant\/\",\"url\":\"https:\/\/www.institucioibars.com\/ca\/confirmacio-rebut-comprovant\/\",\"name\":\"confirmaci\u00f3 rebut comprovant - Institucio Ibars\",\"isPartOf\":{\"@id\":\"https:\/\/www.institucioibars.com\/ca\/#website\"},\"primaryImageOfPage\":{\"@id\":\"https:\/\/www.institucioibars.com\/ca\/confirmacio-rebut-comprovant\/#primaryimage\"},\"image\":{\"@id\":\"https:\/\/www.institucioibars.com\/ca\/confirmacio-rebut-comprovant\/#primaryimage\"},\"thumbnailUrl\":\"https:\/\/ibars.institucioibars.com\/wp-content\/uploads\/2024\/02\/institucio-ibars-logo.png\",\"datePublished\":\"2024-07-12T12:13:47+00:00\",\"dateModified\":\"2024-09-27T13:18:34+00:00\",\"breadcrumb\":{\"@id\":\"https:\/\/www.institucioibars.com\/ca\/confirmacio-rebut-comprovant\/#breadcrumb\"},\"inLanguage\":\"ca\",\"potentialAction\":[{\"@type\":\"ReadAction\",\"target\":[\"https:\/\/www.institucioibars.com\/ca\/confirmacio-rebut-comprovant\/\"]}]},{\"@type\":\"ImageObject\",\"inLanguage\":\"ca\",\"@id\":\"https:\/\/www.institucioibars.com\/ca\/confirmacio-rebut-comprovant\/#primaryimage\",\"url\":\"https:\/\/ibars.institucioibars.com\/wp-content\/uploads\/2024\/02\/institucio-ibars-logo.png\",\"contentUrl\":\"https:\/\/ibars.institucioibars.com\/wp-content\/uploads\/2024\/02\/institucio-ibars-logo.png\"},{\"@type\":\"BreadcrumbList\",\"@id\":\"https:\/\/www.institucioibars.com\/ca\/confirmacio-rebut-comprovant\/#breadcrumb\",\"itemListElement\":[{\"@type\":\"ListItem\",\"position\":1,\"name\":\"Portada\",\"item\":\"https:\/\/www.institucioibars.com\/ca\/\"},{\"@type\":\"ListItem\",\"position\":2,\"name\":\"confirmaci\u00f3 rebut comprovant\"}]},{\"@type\":\"WebSite\",\"@id\":\"https:\/\/www.institucioibars.com\/ca\/#website\",\"url\":\"https:\/\/www.institucioibars.com\/ca\/\",\"name\":\"Institucio Ibars\",\"description\":\"Cuidado de personas mayores y ancianos a Domicilio\",\"publisher\":{\"@id\":\"https:\/\/www.institucioibars.com\/ca\/#organization\"},\"alternateName\":\"Ibars cuidado a mayores\",\"potentialAction\":[{\"@type\":\"SearchAction\",\"target\":{\"@type\":\"EntryPoint\",\"urlTemplate\":\"https:\/\/www.institucioibars.com\/ca\/?s={search_term_string}\"},\"query-input\":{\"@type\":\"PropertyValueSpecification\",\"valueRequired\":true,\"valueName\":\"search_term_string\"}}],\"inLanguage\":\"ca\"},{\"@type\":\"Organization\",\"@id\":\"https:\/\/www.institucioibars.com\/ca\/#organization\",\"name\":\"Instituci\u00f3 Ibars\",\"alternateName\":\"Associacio INSTITUCIO IBARS\",\"url\":\"https:\/\/www.institucioibars.com\/ca\/\",\"logo\":{\"@type\":\"ImageObject\",\"inLanguage\":\"ca\",\"@id\":\"https:\/\/www.institucioibars.com\/ca\/#\/schema\/logo\/image\/\",\"url\":\"https:\/\/www.institucioibars.com\/wp-content\/uploads\/2024\/02\/institucio-ibars-logo.png\",\"contentUrl\":\"https:\/\/www.institucioibars.com\/wp-content\/uploads\/2024\/02\/institucio-ibars-logo.png\",\"width\":250,\"height\":78,\"caption\":\"Instituci\u00f3 Ibars\"},\"image\":{\"@id\":\"https:\/\/www.institucioibars.com\/ca\/#\/schema\/logo\/image\/\"},\"sameAs\":[\"https:\/\/www.facebook.com\/InstitucioIbars\"]}]}<\/script>\n<!-- \/ Yoast SEO plugin. -->","yoast_head_json":{"title":"confirmaci\u00f3 rebut comprovant - Institucio Ibars","robots":{"index":"index","follow":"follow","max-snippet":"max-snippet:-1","max-image-preview":"max-image-preview:large","max-video-preview":"max-video-preview:-1"},"canonical":"https:\/\/www.institucioibars.com\/ca\/confirmacio-rebut-comprovant\/","og_locale":"ca_ES","og_type":"article","og_title":"confirmaci\u00f3 rebut comprovant - Institucio Ibars","og_description":"Gr\u00e0cies per la vostra confirmaci\u00f3, en un m\u00e0xim de 24 hores es posar\u00e0 en contacte amb vost\u00e8 la vostra coordinadora, Treballadora social titulada.","og_url":"https:\/\/www.institucioibars.com\/ca\/confirmacio-rebut-comprovant\/","og_site_name":"Institucio Ibars","article_publisher":"https:\/\/www.facebook.com\/InstitucioIbars","article_modified_time":"2024-09-27T13:18:34+00:00","og_image":[{"url":"https:\/\/ibars.institucioibars.com\/wp-content\/uploads\/2024\/02\/institucio-ibars-logo.png"}],"twitter_card":"summary_large_image","schema":{"@context":"https:\/\/schema.org","@graph":[{"@type":"WebPage","@id":"https:\/\/www.institucioibars.com\/ca\/confirmacio-rebut-comprovant\/","url":"https:\/\/www.institucioibars.com\/ca\/confirmacio-rebut-comprovant\/","name":"confirmaci\u00f3 rebut comprovant - Institucio Ibars","isPartOf":{"@id":"https:\/\/www.institucioibars.com\/ca\/#website"},"primaryImageOfPage":{"@id":"https:\/\/www.institucioibars.com\/ca\/confirmacio-rebut-comprovant\/#primaryimage"},"image":{"@id":"https:\/\/www.institucioibars.com\/ca\/confirmacio-rebut-comprovant\/#primaryimage"},"thumbnailUrl":"https:\/\/ibars.institucioibars.com\/wp-content\/uploads\/2024\/02\/institucio-ibars-logo.png","datePublished":"2024-07-12T12:13:47+00:00","dateModified":"2024-09-27T13:18:34+00:00","breadcrumb":{"@id":"https:\/\/www.institucioibars.com\/ca\/confirmacio-rebut-comprovant\/#breadcrumb"},"inLanguage":"ca","potentialAction":[{"@type":"ReadAction","target":["https:\/\/www.institucioibars.com\/ca\/confirmacio-rebut-comprovant\/"]}]},{"@type":"ImageObject","inLanguage":"ca","@id":"https:\/\/www.institucioibars.com\/ca\/confirmacio-rebut-comprovant\/#primaryimage","url":"https:\/\/ibars.institucioibars.com\/wp-content\/uploads\/2024\/02\/institucio-ibars-logo.png","contentUrl":"https:\/\/ibars.institucioibars.com\/wp-content\/uploads\/2024\/02\/institucio-ibars-logo.png"},{"@type":"BreadcrumbList","@id":"https:\/\/www.institucioibars.com\/ca\/confirmacio-rebut-comprovant\/#breadcrumb","itemListElement":[{"@type":"ListItem","position":1,"name":"Portada","item":"https:\/\/www.institucioibars.com\/ca\/"},{"@type":"ListItem","position":2,"name":"confirmaci\u00f3 rebut comprovant"}]},{"@type":"WebSite","@id":"https:\/\/www.institucioibars.com\/ca\/#website","url":"https:\/\/www.institucioibars.com\/ca\/","name":"Institucio Ibars","description":"Cuidado de personas mayores y ancianos a Domicilio","publisher":{"@id":"https:\/\/www.institucioibars.com\/ca\/#organization"},"alternateName":"Ibars cuidado a mayores","potentialAction":[{"@type":"SearchAction","target":{"@type":"EntryPoint","urlTemplate":"https:\/\/www.institucioibars.com\/ca\/?s={search_term_string}"},"query-input":{"@type":"PropertyValueSpecification","valueRequired":true,"valueName":"search_term_string"}}],"inLanguage":"ca"},{"@type":"Organization","@id":"https:\/\/www.institucioibars.com\/ca\/#organization","name":"Instituci\u00f3 Ibars","alternateName":"Associacio INSTITUCIO IBARS","url":"https:\/\/www.institucioibars.com\/ca\/","logo":{"@type":"ImageObject","inLanguage":"ca","@id":"https:\/\/www.institucioibars.com\/ca\/#\/schema\/logo\/image\/","url":"https:\/\/www.institucioibars.com\/wp-content\/uploads\/2024\/02\/institucio-ibars-logo.png","contentUrl":"https:\/\/www.institucioibars.com\/wp-content\/uploads\/2024\/02\/institucio-ibars-logo.png","width":250,"height":78,"caption":"Instituci\u00f3 Ibars"},"image":{"@id":"https:\/\/www.institucioibars.com\/ca\/#\/schema\/logo\/image\/"},"sameAs":["https:\/\/www.facebook.com\/InstitucioIbars"]}]}},"_links":{"self":[{"href":"https:\/\/www.institucioibars.com\/ca\/wp-json\/wp\/v2\/pages\/60296","targetHints":{"allow":["GET"]}}],"collection":[{"href":"https:\/\/www.institucioibars.com\/ca\/wp-json\/wp\/v2\/pages"}],"about":[{"href":"https:\/\/www.institucioibars.com\/ca\/wp-json\/wp\/v2\/types\/page"}],"author":[{"embeddable":true,"href":"https:\/\/www.institucioibars.com\/ca\/wp-json\/wp\/v2\/users\/1"}],"replies":[{"embeddable":true,"href":"https:\/\/www.institucioibars.com\/ca\/wp-json\/wp\/v2\/comments?post=60296"}],"version-history":[{"count":3,"href":"https:\/\/www.institucioibars.com\/ca\/wp-json\/wp\/v2\/pages\/60296\/revisions"}],"predecessor-version":[{"id":60300,"href":"https:\/\/www.institucioibars.com\/ca\/wp-json\/wp\/v2\/pages\/60296\/revisions\/60300"}],"wp:attachment":[{"href":"https:\/\/www.institucioibars.com\/ca\/wp-json\/wp\/v2\/media?parent=60296"}],"curies":[{"name":"wp","href":"https:\/\/api.w.org\/{rel}","templated":true}]}}